{"id":2553,"date":"2019-01-23T12:41:20","date_gmt":"2019-01-23T09:41:20","guid":{"rendered":"http:\/\/claros.com.tr\/?page_id=2553"},"modified":"2022-09-01T16:43:17","modified_gmt":"2022-09-01T13:43:17","slug":"e-katalog","status":"publish","type":"page","link":"https:\/\/claros.com.tr\/?page_id=2553","title":{"rendered":"E-KATALOG"},"content":{"rendered":"\n<p class=\"has-text-align-center\" style=\"font-size:21px\"><a href=\"https:\/\/claros.com.tr\/wp-content\/uploads\/2022\/09\/Claros-Tour-Katalog_mail.pdf\" data-type=\"URL\" data-id=\"https:\/\/claros.com.tr\/wp-content\/uploads\/2022\/09\/Claros-Tour-Katalog_mail.pdf\" target=\"_blank\" rel=\"noreferrer noopener\">Katalo\u011fumuzu \u0130ncelemek \u0130\u00e7in L\u00fctfen T\u0131klay\u0131n\u0131z.<\/a><\/p>\n","protected":false},"excerpt":{"rendered":"<p>Katalo\u011fumuzu \u0130ncelemek \u0130\u00e7in L\u00fctfen T\u0131klay\u0131n\u0131z.<\/p>\n","protected":false},"author":1,"featured_media":0,"parent":0,"menu_order":0,"comment_status":"closed","ping_status":"closed","template":"","meta":[],"_links":{"self":[{"href":"https:\/\/claros.com.tr\/index.php?rest_route=\/wp\/v2\/pages\/2553"}],"collection":[{"href":"https:\/\/claros.com.tr\/index.php?rest_route=\/wp\/v2\/pages"}],"about":[{"href":"https:\/\/claros.com.tr\/index.php?rest_route=\/wp\/v2\/types\/page"}],"author":[{"embeddable":true,"href":"https:\/\/claros.com.tr\/index.php?rest_route=\/wp\/v2\/users\/1"}],"replies":[{"embeddable":true,"href":"https:\/\/claros.com.tr\/index.php?rest_route=%2Fwp%2Fv2%2Fcomments&post=2553"}],"version-history":[{"count":16,"href":"https:\/\/claros.com.tr\/index.php?rest_route=\/wp\/v2\/pages\/2553\/revisions"}],"predecessor-version":[{"id":2752,"href":"https:\/\/claros.com.tr\/index.php?rest_route=\/wp\/v2\/pages\/2553\/revisions\/2752"}],"wp:attachment":[{"href":"https:\/\/claros.com.tr\/index.php?rest_route=%2Fwp%2Fv2%2Fmedia&parent=2553"}],"curies":[{"name":"wp","href":"https:\/\/api.w.org\/{rel}","templated":true}]}}